{"id":14,"date":"2022-02-26T06:57:13","date_gmt":"2022-02-26T06:57:13","guid":{"rendered":"http:\/\/mardinambari.com\/?page_id=14"},"modified":"2022-02-26T07:48:22","modified_gmt":"2022-02-26T07:48:22","slug":"mardin-nakliyat","status":"publish","type":"page","link":"https:\/\/mardinambari.com\/?page_id=14","title":{"rendered":"Mardin Nakliyat"},"content":{"rendered":"\n<p>Adalar Mardin Nakliyat,Ata\u015fehir Mardin Nakliyat,Beykoz Mardin Nakliyat,\u00c7ekmek\u00f6y Mardin Nakliyat,<br>Kad\u0131k\u00f6y Mardin Nakliyat,Kartal Mardin Nakliyat,Maltepe Mardin Nakliyat,Pendik Mardin Nakliyat,<br>Sancaktepe Mardin Nakliyat,Sultanbeyli Mardin Nakliyat,\u015eile Mardin Nakliyat,Tuzla Mardin Nakliyat,<br>\u00dcmraniye Mardin Nakliyat,\u00dcsk\u00fcdar Mardin Nakliyat,Dudullu Mardin Nakliyat,Gebze Mardin Nakliyat,<br>\u015eekerp\u0131nar Mardin Nakliyat,\u00c7ay\u0131rova Mardin Nakliyat,Kocaeli Mardin Nakliyat,<\/p>\n","protected":false},"excerpt":{"rendered":"<p>Adalar Mardin Nakliyat,Ata\u015fehir Mardin Nakliyat,Beykoz Mardin Nakliyat,\u00c7ekmek\u00f6y Mardin Nakliyat,Kad\u0131k\u00f6y Mardin Nakliyat,Kartal Mardin Nakliyat,Maltepe Mardin Nakliyat,Pendik Mardin Nakliyat,Sancaktepe Mardin Nakliyat,Sultanbeyli Mardin Nakliyat,\u015eile Mardin Nakliyat,Tuzla Mardin Nakliyat,\u00dcmraniye Mardin Nakliyat,\u00dcsk\u00fcdar Mardin Nakliyat,Dudullu Mardin Nakliyat,Gebze Mardin Nakliyat,\u015eekerp\u0131nar Mardin Nakliyat,\u00c7ay\u0131rova Mardin Nakliyat,Kocaeli Mardin Nakliyat,<\/p>\n","protected":false},"author":1,"featured_media":0,"parent":0,"menu_order":0,"comment_status":"closed","ping_status":"closed","template":"","meta":[],"_links":{"self":[{"href":"https:\/\/mardinambari.com\/index.php?rest_route=\/wp\/v2\/pages\/14"}],"collection":[{"href":"https:\/\/mardinambari.com\/index.php?rest_route=\/wp\/v2\/pages"}],"about":[{"href":"https:\/\/mardinambari.com\/index.php?rest_route=\/wp\/v2\/types\/page"}],"author":[{"embeddable":true,"href":"https:\/\/mardinambari.com\/index.php?rest_route=\/wp\/v2\/users\/1"}],"replies":[{"embeddable":true,"href":"https:\/\/mardinambari.com\/index.php?rest_route=%2Fwp%2Fv2%2Fcomments&post=14"}],"version-history":[{"count":3,"href":"https:\/\/mardinambari.com\/index.php?rest_route=\/wp\/v2\/pages\/14\/revisions"}],"predecessor-version":[{"id":40,"href":"https:\/\/mardinambari.com\/index.php?rest_route=\/wp\/v2\/pages\/14\/revisions\/40"}],"wp:attachment":[{"href":"https:\/\/mardinambari.com\/index.php?rest_route=%2Fwp%2Fv2%2Fmedia&parent=14"}],"curies":[{"name":"wp","href":"https:\/\/api.w.org\/{rel}","templated":true}]}}