{"id":16,"date":"2022-02-26T06:57:57","date_gmt":"2022-02-26T06:57:57","guid":{"rendered":"http:\/\/mardinambari.com\/?page_id=16"},"modified":"2022-02-26T07:51:33","modified_gmt":"2022-02-26T07:51:33","slug":"mardin-lojistik","status":"publish","type":"page","link":"https:\/\/mardinambari.com\/?page_id=16","title":{"rendered":"Mardin Lojistik"},"content":{"rendered":"\n<p>Adalar Mardin Lojistik Ata\u015fehir Mardin Lojistik Beykoz Mardin Lojistik<\/p>\n\n\n\n<p>\u00c7ekmek\u00f6y Mardin Lojistik Kad\u0131k\u00f6y Mardin Lojistik Kartal Mardin Lojistik<br>Maltepe Mardin Lojistik Pendik Mardin Lojistik Sancaktepe Mardin Lojistik<br>Sultanbeyli Mardin Lojistik \u015eile Mardin Lojistik Tuzla Mardin Lojistik<br>\u00dcmraniye Mardin Lojistik \u00dcsk\u00fcdar Mardin Lojistik Dudullu Mardin Lojistik<br>Gebze Mardin Lojistik \u015eekerp\u0131nar Mardin Lojistik \u00c7ay\u0131rova Mardin Lojistik<br>Kocaeli Mardin Lojistik<\/p>\n","protected":false},"excerpt":{"rendered":"<p>Adalar Mardin Lojistik Ata\u015fehir Mardin Lojistik Beykoz Mardin Lojistik \u00c7ekmek\u00f6y Mardin Lojistik Kad\u0131k\u00f6y Mardin Lojistik Kartal Mardin LojistikMaltepe Mardin Lojistik Pendik Mardin Lojistik Sancaktepe Mardin LojistikSultanbeyli Mardin Lojistik \u015eile Mardin Lojistik Tuzla Mardin Lojistik\u00dcmraniye Mardin Lojistik \u00dcsk\u00fcdar Mardin Lojistik Dudullu [&hellip;]<\/p>\n","protected":false},"author":1,"featured_media":0,"parent":0,"menu_order":0,"comment_status":"closed","ping_status":"closed","template":"","meta":[],"_links":{"self":[{"href":"https:\/\/mardinambari.com\/index.php?rest_route=\/wp\/v2\/pages\/16"}],"collection":[{"href":"https:\/\/mardinambari.com\/index.php?rest_route=\/wp\/v2\/pages"}],"about":[{"href":"https:\/\/mardinambari.com\/index.php?rest_route=\/wp\/v2\/types\/page"}],"author":[{"embeddable":true,"href":"https:\/\/mardinambari.com\/index.php?rest_route=\/wp\/v2\/users\/1"}],"replies":[{"embeddable":true,"href":"https:\/\/mardinambari.com\/index.php?rest_route=%2Fwp%2Fv2%2Fcomments&post=16"}],"version-history":[{"count":3,"href":"https:\/\/mardinambari.com\/index.php?rest_route=\/wp\/v2\/pages\/16\/revisions"}],"predecessor-version":[{"id":42,"href":"https:\/\/mardinambari.com\/index.php?rest_route=\/wp\/v2\/pages\/16\/revisions\/42"}],"wp:attachment":[{"href":"https:\/\/mardinambari.com\/index.php?rest_route=%2Fwp%2Fv2%2Fmedia&parent=16"}],"curies":[{"name":"wp","href":"https:\/\/api.w.org\/{rel}","templated":true}]}}