{"id":18,"date":"2022-02-26T06:58:26","date_gmt":"2022-02-26T06:58:26","guid":{"rendered":"http:\/\/mardinambari.com\/?page_id=18"},"modified":"2022-02-26T07:35:47","modified_gmt":"2022-02-26T07:35:47","slug":"iletisim","status":"publish","type":"page","link":"https:\/\/mardinambari.com\/?page_id=18","title":{"rendered":"\u0130leti\u015fim"},"content":{"rendered":"\n<p><strong>MARD\u0130N NAKL\u0130YAT AMBARI<\/strong> <strong>GEBZE BELED\u0130YE GARAJI<\/strong><\/p>\n\n\n\n<h1><strong>TEL : \u00a00216 394 48 13<\/strong><\/h1>\n\n\n\n<h1><strong>CEP: &nbsp;0544 610 41 41<\/strong><\/h1>\n\n\n\n<h1><strong>CEP: &nbsp;0555 896 51 42<\/strong><\/h1>\n","protected":false},"excerpt":{"rendered":"<p>MARD\u0130N NAKL\u0130YAT AMBARI GEBZE BELED\u0130YE GARAJI TEL : \u00a00216 394 48 13 CEP: &nbsp;0544 610 41 41 CEP: &nbsp;0555 896 51 42<\/p>\n","protected":false},"author":1,"featured_media":0,"parent":0,"menu_order":0,"comment_status":"closed","ping_status":"closed","template":"","meta":[],"_links":{"self":[{"href":"https:\/\/mardinambari.com\/index.php?rest_route=\/wp\/v2\/pages\/18"}],"collection":[{"href":"https:\/\/mardinambari.com\/index.php?rest_route=\/wp\/v2\/pages"}],"about":[{"href":"https:\/\/mardinambari.com\/index.php?rest_route=\/wp\/v2\/types\/page"}],"author":[{"embeddable":true,"href":"https:\/\/mardinambari.com\/index.php?rest_route=\/wp\/v2\/users\/1"}],"replies":[{"embeddable":true,"href":"https:\/\/mardinambari.com\/index.php?rest_route=%2Fwp%2Fv2%2Fcomments&post=18"}],"version-history":[{"count":3,"href":"https:\/\/mardinambari.com\/index.php?rest_route=\/wp\/v2\/pages\/18\/revisions"}],"predecessor-version":[{"id":36,"href":"https:\/\/mardinambari.com\/index.php?rest_route=\/wp\/v2\/pages\/18\/revisions\/36"}],"wp:attachment":[{"href":"https:\/\/mardinambari.com\/index.php?rest_route=%2Fwp%2Fv2%2Fmedia&parent=18"}],"curies":[{"name":"wp","href":"https:\/\/api.w.org\/{rel}","templated":true}]}}